{"id":22,"date":"2023-02-10T19:05:21","date_gmt":"2023-02-10T17:05:21","guid":{"rendered":"http:\/\/fw.ofn.fi\/?page_id=22"},"modified":"2026-01-10T15:37:49","modified_gmt":"2026-01-10T13:37:49","slug":"bli-medlem","status":"publish","type":"page","link":"https:\/\/fw.ofn.fi\/index.php\/bli-medlem\/","title":{"rendered":"Bli medlem"},"content":{"rendered":"\n<h5 class=\"wp-block-heading\"><mark style=\"background-color:rgba(0, 0, 0, 0);color:#1a4382\" class=\"has-inline-color\">Medlemskap<\/mark><\/h5>\n\n\n\n<p class=\"has-text-align-left\">F\u00f6reningen har \u00e5r 2026 ca. 90 medlemmar och antalet \u00f6kar stadigt. F\u00f6rutom program som arrangeras ca 4 g\u00e5nger per \u00e5r f\u00e5r medlemmarna \u00e4ven nationstidningen Paprikan samt n\u00e5gra kuratorsbrev hemskickade.<\/p>\n\n\n\n<p class=\"has-text-align-left\">Medlemsans\u00f6kan kan g\u00f6ras p\u00e5 <a href=\"https:\/\/bit.ly\/fwiborg\" target=\"_blank\" rel=\"noreferrer noopener\">https:\/\/bit.ly\/fwiborg<\/a>, genom att scanna nedanst\u00e5ende QR kod eller genom att kontakta ordf\u00f6rande (ordforande (\u00e4t) foreningenwiborg.fi). F\u00f6r mera information kontakta ordf\u00f6rande p\u00e5 ordforande (\u00e4t) foreningenwiborg.fi eller styrelsen p\u00e5 styrelse (\u00e4t) foreningenwiborg.fi. Medlemsavgiften \u00e4r 25\u20ac f\u00f6r privatpersoner och 100\u20ac f\u00f6r sammanslutningar. D\u00e4rut\u00f6ver samlas en inskrivningsavgift p\u00e5 100\u20ac respektive 500\u20ac f\u00f6r det f\u00f6rsta \u00e5ret.<\/p>\n\n\n\n<p class=\"has-text-align-left\">Nationens \u00e4ldre medlemmar kan delta i verksamheten utan att bli medlem av f\u00f6reningen genom att betala en \u00e5rlig deltagaravgift p\u00e5 25\u20ac utan krav p\u00e5 inskrivningsavgift. Deltagaravgiften ger en inte r\u00f6str\u00e4tt p\u00e5 f\u00f6reningens m\u00f6ten.<\/p>\n\n\n\n<figure class=\"wp-block-image aligncenter size-large is-resized\"><img loading=\"lazy\" decoding=\"async\" width=\"1019\" height=\"1024\" src=\"https:\/\/fw.ofn.fi\/wp-content\/uploads\/2024\/01\/medlemsansokan-1019x1024.png\" alt=\"\" class=\"wp-image-121\" style=\"width:277px;height:auto\" srcset=\"https:\/\/fw.ofn.fi\/wp-content\/uploads\/2024\/01\/medlemsansokan-1019x1024.png 1019w, https:\/\/fw.ofn.fi\/wp-content\/uploads\/2024\/01\/medlemsansokan-298x300.png 298w, https:\/\/fw.ofn.fi\/wp-content\/uploads\/2024\/01\/medlemsansokan-150x150.png 150w, https:\/\/fw.ofn.fi\/wp-content\/uploads\/2024\/01\/medlemsansokan-768x772.png 768w, https:\/\/fw.ofn.fi\/wp-content\/uploads\/2024\/01\/medlemsansokan.png 1129w\" sizes=\"auto, (max-width: 1019px) 100vw, 1019px\" \/><\/figure>\n","protected":false},"excerpt":{"rendered":"<p>Medlemskap F\u00f6reningen har \u00e5r 2026 ca. 90 medlemmar och antalet \u00f6kar stadigt. F\u00f6rutom program som arrangeras ca 4 g\u00e5nger per \u00e5r f\u00e5r medlemmarna \u00e4ven nationstidningen Paprikan samt n\u00e5gra kuratorsbrev hemskickade. Medlemsans\u00f6kan kan g\u00f6ras p\u00e5 https:\/\/bit.ly\/fwiborg, genom att scanna nedanst\u00e5ende QR kod eller genom att kontakta ordf\u00f6rande (ordforande (\u00e4t) foreningenwiborg.fi). F\u00f6r mera information kontakta ordf\u00f6rande p\u00e5 [&hellip;]<\/p>\n","protected":false},"author":2,"featured_media":0,"parent":0,"menu_order":0,"comment_status":"closed","ping_status":"closed","template":"","meta":{"footnotes":""},"class_list":["post-22","page","type-page","status-publish","hentry"],"_links":{"self":[{"href":"https:\/\/fw.ofn.fi\/index.php\/wp-json\/wp\/v2\/pages\/22","targetHints":{"allow":["GET"]}}],"collection":[{"href":"https:\/\/fw.ofn.fi\/index.php\/wp-json\/wp\/v2\/pages"}],"about":[{"href":"https:\/\/fw.ofn.fi\/index.php\/wp-json\/wp\/v2\/types\/page"}],"author":[{"embeddable":true,"href":"https:\/\/fw.ofn.fi\/index.php\/wp-json\/wp\/v2\/users\/2"}],"replies":[{"embeddable":true,"href":"https:\/\/fw.ofn.fi\/index.php\/wp-json\/wp\/v2\/comments?post=22"}],"version-history":[{"count":6,"href":"https:\/\/fw.ofn.fi\/index.php\/wp-json\/wp\/v2\/pages\/22\/revisions"}],"predecessor-version":[{"id":130,"href":"https:\/\/fw.ofn.fi\/index.php\/wp-json\/wp\/v2\/pages\/22\/revisions\/130"}],"wp:attachment":[{"href":"https:\/\/fw.ofn.fi\/index.php\/wp-json\/wp\/v2\/media?parent=22"}],"curies":[{"name":"wp","href":"https:\/\/api.w.org\/{rel}","templated":true}]}}