{"id":31,"date":"2023-02-10T19:12:01","date_gmt":"2023-02-10T17:12:01","guid":{"rendered":"http:\/\/fw.ofn.fi\/?page_id=31"},"modified":"2026-01-10T15:35:36","modified_gmt":"2026-01-10T13:35:36","slug":"kontakt","status":"publish","type":"page","link":"https:\/\/fw.ofn.fi\/index.php\/kontakt\/","title":{"rendered":"Kontakt"},"content":{"rendered":"\n<h5 class=\"wp-block-heading\"><mark style=\"background-color:rgba(0, 0, 0, 0);color:#1a4382\" class=\"has-inline-color\">Styrelse<\/mark><\/h5>\n\n\n\n<p>F\u00f6reningens styrelse best\u00e5r \u00e5r 2026 av Albert Andersson, Alexander Eriksson, Fredric Granberg, Emilia Henttonen, Anna Kujala, Hanna Othman (ordf\u00f6rande) och Jenny Skoglund.<\/p>\n\n\n\n<p>Styrelsen n\u00e5s via styrelse (\u00e4t) foreningenwiborg.fi och ordf\u00f6rande via ordforande (\u00e4t) foreningenwiborg.fi.<\/p>\n\n\n\n<p>F\u00f6reningens verksamhetsgranskare \u00e4r \u00d6FN inspektor Kai Nordlund samt \u00e4ldre medlem Reidar Udd. \u00d6FN:s kurator har n\u00e4rvaro- och yttrander\u00e4tt p\u00e5 f\u00f6reningens och styrelsens m\u00f6ten.<\/p>\n\n\n\n<h5 class=\"wp-block-heading\"><mark style=\"background-color:rgba(0, 0, 0, 0);color:#1a4382\" class=\"has-inline-color\">Bank<\/mark><\/h5>\n\n\n\n<p>F\u00f6reningen Wiborg rf.<\/p>\n\n\n\n<p>Konto Aktia FI77 4055 0011 1726 95 BIC: HELSFIHH<\/p>\n","protected":false},"excerpt":{"rendered":"<p>Styrelse F\u00f6reningens styrelse best\u00e5r \u00e5r 2026 av Albert Andersson, Alexander Eriksson, Fredric Granberg, Emilia Henttonen, Anna Kujala, Hanna Othman (ordf\u00f6rande) och Jenny Skoglund. Styrelsen n\u00e5s via styrelse (\u00e4t) foreningenwiborg.fi och ordf\u00f6rande via ordforande (\u00e4t) foreningenwiborg.fi. F\u00f6reningens verksamhetsgranskare \u00e4r \u00d6FN inspektor Kai Nordlund samt \u00e4ldre medlem Reidar Udd. \u00d6FN:s kurator har n\u00e4rvaro- och yttrander\u00e4tt p\u00e5 f\u00f6reningens [&hellip;]<\/p>\n","protected":false},"author":2,"featured_media":0,"parent":0,"menu_order":0,"comment_status":"closed","ping_status":"closed","template":"","meta":{"footnotes":""},"class_list":["post-31","page","type-page","status-publish","hentry"],"_links":{"self":[{"href":"https:\/\/fw.ofn.fi\/index.php\/wp-json\/wp\/v2\/pages\/31","targetHints":{"allow":["GET"]}}],"collection":[{"href":"https:\/\/fw.ofn.fi\/index.php\/wp-json\/wp\/v2\/pages"}],"about":[{"href":"https:\/\/fw.ofn.fi\/index.php\/wp-json\/wp\/v2\/types\/page"}],"author":[{"embeddable":true,"href":"https:\/\/fw.ofn.fi\/index.php\/wp-json\/wp\/v2\/users\/2"}],"replies":[{"embeddable":true,"href":"https:\/\/fw.ofn.fi\/index.php\/wp-json\/wp\/v2\/comments?post=31"}],"version-history":[{"count":5,"href":"https:\/\/fw.ofn.fi\/index.php\/wp-json\/wp\/v2\/pages\/31\/revisions"}],"predecessor-version":[{"id":128,"href":"https:\/\/fw.ofn.fi\/index.php\/wp-json\/wp\/v2\/pages\/31\/revisions\/128"}],"wp:attachment":[{"href":"https:\/\/fw.ofn.fi\/index.php\/wp-json\/wp\/v2\/media?parent=31"}],"curies":[{"name":"wp","href":"https:\/\/api.w.org\/{rel}","templated":true}]}}